{"id":78,"date":"2024-06-28T13:24:05","date_gmt":"2024-06-28T13:24:05","guid":{"rendered":"https:\/\/sendshort.ai\/index\/"},"modified":"2025-01-08T23:54:48","modified_gmt":"2025-01-08T21:54:48","slug":"index","status":"publish","type":"page","link":"https:\/\/sendshort.ai\/pt\/","title":{"rendered":"In\u00edcio"},"content":{"rendered":"","protected":false},"excerpt":{"rendered":"","protected":false},"author":1,"featured_media":0,"parent":0,"menu_order":0,"comment_status":"closed","ping_status":"closed","template":"","meta":{"footnotes":""},"class_list":["post-78","page","type-page","status-publish","hentry"],"yoast_head":"<!-- This site is optimized with the Yoast SEO plugin v22.9 - https:\/\/yoast.com\/wordpress\/plugins\/seo\/ -->\n<title>SendShort - Create Viral Shorts Instantly with SendShort<\/title>\n<meta name=\"description\" content=\"Turn long videos into viral short clips with SendShort AI. It&#039;s 100% free and it works for any video.\" \/>\n<meta name=\"robots\" content=\"index, follow, max-snippet:-1, max-image-preview:large, max-video-preview:-1\" \/>\n<link rel=\"canonical\" href=\"https:\/\/sendshort.ai\/pt\/\" \/>\n<meta property=\"og:locale\" content=\"pt_BR\" \/>\n<meta property=\"og:type\" content=\"article\" \/>\n<meta property=\"og:title\" content=\"SendShort - Create Viral Shorts Instantly with SendShort\" \/>\n<meta property=\"og:description\" content=\"Turn long videos into viral short clips with SendShort AI. It&#039;s 100% free and it works for any video.\" \/>\n<meta property=\"og:url\" content=\"https:\/\/sendshort.ai\/pt\/\" \/>\n<meta property=\"og:site_name\" content=\"SendShort - Create Viral Shorts Instantly with SendShort\" \/>\n<meta property=\"article:modified_time\" content=\"2025-01-08T21:54:48+00:00\" \/>\n<meta property=\"og:image\" content=\"https:\/\/sendshort.ai\/wp-content\/uploads\/2025\/04\/Opengraph-SendShort-1.jpg\" \/>\n\t<meta property=\"og:image:width\" content=\"1200\" \/>\n\t<meta property=\"og:image:height\" content=\"675\" \/>\n\t<meta property=\"og:image:type\" content=\"image\/jpeg\" \/>\n<meta name=\"twitter:card\" content=\"summary_large_image\" \/>\n<script type=\"application\/ld+json\" class=\"yoast-schema-graph\">{\"@context\":\"https:\/\/schema.org\",\"@graph\":[{\"@type\":\"WebPage\",\"@id\":\"https:\/\/sendshort.ai\/\",\"url\":\"https:\/\/sendshort.ai\/\",\"name\":\"SendShort - Create Viral Shorts Instantly with SendShort\",\"isPartOf\":{\"@id\":\"https:\/\/sendshort.ai\/#website\"},\"datePublished\":\"2024-06-28T13:24:05+00:00\",\"dateModified\":\"2025-01-08T21:54:48+00:00\",\"description\":\"Turn long videos into viral short clips with SendShort AI. It's 100% free and it works for any video.\",\"breadcrumb\":{\"@id\":\"https:\/\/sendshort.ai\/#breadcrumb\"},\"inLanguage\":\"pt-BR\",\"potentialAction\":[{\"@type\":\"ReadAction\",\"target\":[\"https:\/\/sendshort.ai\/\"]}]},{\"@type\":\"BreadcrumbList\",\"@id\":\"https:\/\/sendshort.ai\/#breadcrumb\",\"itemListElement\":[{\"@type\":\"ListItem\",\"position\":1,\"name\":\"Home\",\"item\":\"https:\/\/sendshort.ai\/\"},{\"@type\":\"ListItem\",\"position\":2,\"name\":\"Home\"}]},{\"@type\":\"WebSite\",\"@id\":\"https:\/\/sendshort.ai\/#website\",\"url\":\"https:\/\/sendshort.ai\/\",\"name\":\"SendShort\",\"description\":\"The top-rated software for turning long videos into viral short-form content.\",\"publisher\":{\"@id\":\"https:\/\/sendshort.ai\/#organization\"},\"potentialAction\":[{\"@type\":\"SearchAction\",\"target\":{\"@type\":\"EntryPoint\",\"urlTemplate\":\"https:\/\/sendshort.ai\/?s={search_term_string}\"},\"query-input\":\"required name=search_term_string\"}],\"inLanguage\":\"pt-BR\"},{\"@type\":\"Organization\",\"@id\":\"https:\/\/sendshort.ai\/#organization\",\"name\":\"SendShort\",\"url\":\"https:\/\/sendshort.ai\/\",\"logo\":{\"@type\":\"ImageObject\",\"inLanguage\":\"pt-BR\",\"@id\":\"https:\/\/sendshort.ai\/#\/schema\/logo\/image\/\",\"url\":\"https:\/\/sendshort.ai\/wp-content\/uploads\/2024\/07\/SendShort-Logo.jpg\",\"contentUrl\":\"https:\/\/sendshort.ai\/wp-content\/uploads\/2024\/07\/SendShort-Logo.jpg\",\"width\":696,\"height\":696,\"caption\":\"SendShort\"},\"image\":{\"@id\":\"https:\/\/sendshort.ai\/#\/schema\/logo\/image\/\"}}]}<\/script>\n<!-- \/ Yoast SEO plugin. -->","yoast_head_json":{"title":"SendShort - Crie curtas virais instantaneamente com o SendShort","description":"Transforme v\u00eddeos longos em clipes curtos virais com o SendShort AI. Ele \u00e9 100% gratuito e funciona para qualquer v\u00eddeo.","robots":{"index":"index","follow":"follow","max-snippet":"max-snippet:-1","max-image-preview":"max-image-preview:large","max-video-preview":"max-video-preview:-1"},"canonical":"https:\/\/sendshort.ai\/pt\/","og_locale":"pt_BR","og_type":"article","og_title":"SendShort - Create Viral Shorts Instantly with SendShort","og_description":"Turn long videos into viral short clips with SendShort AI. It's 100% free and it works for any video.","og_url":"https:\/\/sendshort.ai\/pt\/","og_site_name":"SendShort - Create Viral Shorts Instantly with SendShort","article_modified_time":"2025-01-08T21:54:48+00:00","og_image":[{"width":1200,"height":675,"url":"https:\/\/sendshort.ai\/wp-content\/uploads\/2025\/04\/Opengraph-SendShort-1.jpg","type":"image\/jpeg"}],"twitter_card":"summary_large_image","schema":{"@context":"https:\/\/schema.org","@graph":[{"@type":"WebPage","@id":"https:\/\/sendshort.ai\/","url":"https:\/\/sendshort.ai\/","name":"SendShort - Crie curtas virais instantaneamente com o SendShort","isPartOf":{"@id":"https:\/\/sendshort.ai\/#website"},"datePublished":"2024-06-28T13:24:05+00:00","dateModified":"2025-01-08T21:54:48+00:00","description":"Transforme v\u00eddeos longos em clipes curtos virais com o SendShort AI. Ele \u00e9 100% gratuito e funciona para qualquer v\u00eddeo.","breadcrumb":{"@id":"https:\/\/sendshort.ai\/#breadcrumb"},"inLanguage":"pt-BR","potentialAction":[{"@type":"ReadAction","target":["https:\/\/sendshort.ai\/"]}]},{"@type":"BreadcrumbList","@id":"https:\/\/sendshort.ai\/#breadcrumb","itemListElement":[{"@type":"ListItem","position":1,"name":"Home","item":"https:\/\/sendshort.ai\/"},{"@type":"ListItem","position":2,"name":"Home"}]},{"@type":"WebSite","@id":"https:\/\/sendshort.ai\/#website","url":"https:\/\/sendshort.ai\/","name":"SendShort","description":"O software mais bem avaliado para transformar v\u00eddeos longos em conte\u00fado viral de formato curto.","publisher":{"@id":"https:\/\/sendshort.ai\/#organization"},"potentialAction":[{"@type":"SearchAction","target":{"@type":"EntryPoint","urlTemplate":"https:\/\/sendshort.ai\/?s={search_term_string}"},"query-input":"required name=search_term_string"}],"inLanguage":"pt-BR"},{"@type":"Organization","@id":"https:\/\/sendshort.ai\/#organization","name":"SendShort","url":"https:\/\/sendshort.ai\/","logo":{"@type":"ImageObject","inLanguage":"pt-BR","@id":"https:\/\/sendshort.ai\/#\/schema\/logo\/image\/","url":"https:\/\/sendshort.ai\/wp-content\/uploads\/2024\/07\/SendShort-Logo.jpg","contentUrl":"https:\/\/sendshort.ai\/wp-content\/uploads\/2024\/07\/SendShort-Logo.jpg","width":696,"height":696,"caption":"SendShort"},"image":{"@id":"https:\/\/sendshort.ai\/#\/schema\/logo\/image\/"}}]}},"_links":{"self":[{"href":"https:\/\/sendshort.ai\/pt\/wp-json\/wp\/v2\/pages\/78","targetHints":{"allow":["GET"]}}],"collection":[{"href":"https:\/\/sendshort.ai\/pt\/wp-json\/wp\/v2\/pages"}],"about":[{"href":"https:\/\/sendshort.ai\/pt\/wp-json\/wp\/v2\/types\/page"}],"author":[{"embeddable":true,"href":"https:\/\/sendshort.ai\/pt\/wp-json\/wp\/v2\/users\/1"}],"replies":[{"embeddable":true,"href":"https:\/\/sendshort.ai\/pt\/wp-json\/wp\/v2\/comments?post=78"}],"version-history":[{"count":1,"href":"https:\/\/sendshort.ai\/pt\/wp-json\/wp\/v2\/pages\/78\/revisions"}],"predecessor-version":[{"id":291,"href":"https:\/\/sendshort.ai\/pt\/wp-json\/wp\/v2\/pages\/78\/revisions\/291"}],"wp:attachment":[{"href":"https:\/\/sendshort.ai\/pt\/wp-json\/wp\/v2\/media?parent=78"}],"curies":[{"name":"wp","href":"https:\/\/api.w.org\/{rel}","templated":true}]}}